{"id":466,"date":"2026-02-18T16:46:20","date_gmt":"2026-02-18T16:46:20","guid":{"rendered":"https:\/\/amphoreart.com\/%e4%b8%80%e8%88%ac%e9%94%80%e5%94%ae%e6%9d%a1%e6%ac%be\/"},"modified":"2026-03-23T17:28:21","modified_gmt":"2026-03-23T17:28:21","slug":"%e4%b8%80%e8%88%ac%e9%94%80%e5%94%ae%e6%9d%a1%e6%ac%be","status":"publish","type":"page","link":"https:\/\/amphoreart.com\/zh-hans\/%e4%b8%80%e8%88%ac%e9%94%80%e5%94%ae%e6%9d%a1%e6%ac%be\/","title":{"rendered":"\u4e00\u822c\u9500\u552e\u6761\u6b3e"},"content":{"rendered":"\n<div class=\"wp-block-uagb-container uagb-block-2caada4d alignfull uagb-is-root-container\"><div class=\"uagb-container-inner-blocks-wrap\">\n<h2 class=\"wp-block-heading\">1. Introduction<\/h2>\n\n\n\n<p>Les pr\u00e9sentes Conditions G\u00e9n\u00e9rales de Vente (CGV) r\u00e9gissent toutes les commandes de produits effectu\u00e9es sur le site amphoreart.com. En validant votre commande, vous acceptez sans r\u00e9serve les pr\u00e9sentes conditions.<\/p>\n\n\n\n<hr class=\"wp-block-separator has-alpha-channel-opacity\"\/>\n\n\n\n<h2 class=\"wp-block-heading\">2. D\u00e9finitions<\/h2>\n\n\n\n<ul class=\"wp-block-list\">\n<li><strong>Vendeur<\/strong>: Xin YU, Place De-Grenus 8, 1201 Gen\u00e8ve<\/li>\n\n\n\n<li><strong>Acheteur:<\/strong> personne physique acqu\u00e9rant des produits par le biais du site<\/li>\n<\/ul>\n\n\n\n<hr class=\"wp-block-separator has-alpha-channel-opacity\"\/>\n\n\n\n<h2 class=\"wp-block-heading\">3. Produits<\/h2>\n\n\n\n<p>Les produits r\u00e9gis par les pr\u00e9sentes Conditions G\u00e9n\u00e9rales de Vente sont ceux qui figurent sur le site internet https:\/\/amphoreart.com. Ils sont propos\u00e9s dans la limite des stocks disponibles.<\/p>\n\n\n\n<p>Les produits sont d\u00e9crits et pr\u00e9sent\u00e9s avec la plus grande exactitude possible. Toutefois, si des erreurs ou omissions ont pu se produire quant \u00e0 cette pr\u00e9sentation, la responsabilit\u00e9 du vendeur ne saurait \u00eatre engag\u00e9e.<\/p>\n\n\n\n<hr class=\"wp-block-separator has-alpha-channel-opacity\"\/>\n\n\n\n<h2 class=\"wp-block-heading\">4. Commande<\/h2>\n\n\n\n<p>La commande est valid\u00e9e lorsque l&#8217;acheteur a s\u00e9lectionn\u00e9 ses produits et confirm\u00e9 l&#8217;achat via le processus de commande sur le site. L&#8217;acheteur recevra une confirmation par email.<\/p>\n\n\n\n<p>Le vendeur se r\u00e9serve le droit de refuser toute commande pour des raisons l\u00e9gitimes, telles que des informations erron\u00e9es ou une suspicion de fraude.<\/p>\n\n\n\n<hr class=\"wp-block-separator has-alpha-channel-opacity\"\/>\n\n\n\n<h2 class=\"wp-block-heading\">5. Prix<\/h2>\n\n\n\n<p>Les prix des produits indiqu\u00e9s sur les pages du site sont exprim\u00e9s en CHF, taxes comprises, mais hors frais de pr\u00e9paration logistique et d\u2019exp\u00e9dition. Les frais de livraison seront calcul\u00e9s apr\u00e8s la validation de la commande, en fonction du mode de livraison choisi et de la destination.<\/p>\n\n\n\n<p>Le vendeur se r\u00e9serve le droit de modifier les prix des produits pr\u00e9sent\u00e9s sur le site \u00e0 tout moment. Toutefois, les produits seront factur\u00e9s \u00e0 l\u2019acheteur sur la base des tarifs en vigueur au moment de la validation de la commande.<\/p>\n\n\n\n<hr class=\"wp-block-separator has-alpha-channel-opacity\"\/>\n\n\n\n<h2 class=\"wp-block-heading\">6. Frais de livraison<\/h2>\n\n\n\n<p>Les frais de livraison sont calcul\u00e9s apr\u00e8s la commande, en fonction du poids de la commande et de la destination.<\/p>\n\n\n\n<p>Les produits sont exp\u00e9di\u00e9s \u00e0 l&#8217;adresse indiqu\u00e9e lors de la commande. Les d\u00e9lais de livraison peuvent varier en fonction de la destination et du transporteur choisi. Le vendeur met tout en \u0153uvre pour exp\u00e9dier les commandes dans les meilleurs d\u00e9lais, mais ne saurait \u00eatre tenu responsable des \u00e9ventuels retards imputables au transporteur.<\/p>\n\n\n\n<hr class=\"wp-block-separator has-alpha-channel-opacity\"\/>\n\n\n\n<h2 class=\"wp-block-heading\">7. Paiement<\/h2>\n\n\n\n<p>Le paiement des commandes s\u2019effectue en ligne via WooPayments, un syst\u00e8me de paiement s\u00e9curis\u00e9. Le montant total, hors frais de livraison, sera d\u00e9bit\u00e9 lors de la validation de la commande. Les frais de livraison seront factur\u00e9s \u00e0 part.<\/p>\n\n\n\n<hr class=\"wp-block-separator has-alpha-channel-opacity\"\/>\n\n\n\n<h2 class=\"wp-block-heading\">8. R\u00e9clamations<\/h2>\n\n\n\n<p>Le client devra formuler aupr\u00e8s du vendeur toute r\u00e9clamation de non-conformit\u00e9 ou d\u00e9faut des produits en nature ou en qualit\u00e9.<\/p>\n\n\n\n<hr class=\"wp-block-separator has-alpha-channel-opacity\"\/>\n\n\n\n<h2 class=\"wp-block-heading\">9. Protection des donn\u00e9es personnelles<\/h2>\n\n\n\n<p>Les donn\u00e9es personnelles collect\u00e9es sont n\u00e9cessaires pour traiter les commandes. Elles sont confidentielles et ne seront pas partag\u00e9es avec des tiers. Pour plus de d\u00e9tails, consultez notre <a href=\"https:\/\/amphoreart.com\/zh-hans\/mentions-legales-et-politique-de-confidentialite\/#confidential\">Politique de confidentialit\u00e9.<\/a><\/p>\n\n\n\n<hr class=\"wp-block-separator has-alpha-channel-opacity\"\/>\n\n\n\n<hr class=\"wp-block-separator has-alpha-channel-opacity\"\/>\n\n\n\n<h2 class=\"wp-block-heading\">10. Modifications des CGV<\/h2>\n\n\n\n<p>Le vendeur se r\u00e9serve le droit de modifier ces Conditions G\u00e9n\u00e9rales de Vente \u00e0 tout moment. Les nouvelles conditions seront publi\u00e9es sur cette page et entreront en vigueur imm\u00e9diatement apr\u00e8s leur publication.<\/p>\n\n\n\n<hr class=\"wp-block-separator has-alpha-channel-opacity\"\/>\n\n\n\n<h2 class=\"wp-block-heading\">11. Droit applicable<\/h2>\n\n\n\n<p>Les pr\u00e9sentes conditions g\u00e9n\u00e9rales de vente (CGV) sont soumises au droit suisse.<\/p>\n\n\n\n<hr class=\"wp-block-separator has-alpha-channel-opacity\"\/>\n\n\n\n<h2 class=\"wp-block-heading\">12. Contact<\/h2>\n\n\n\n<p>Pour toute question concernant ces Conditions G\u00e9n\u00e9rales de Vente, vous pouvez nous contacter \u00e0 :<br\/><strong>Email<\/strong>: xin@amphoreart.com<br\/><strong>T\u00e9l\u00e9phone<\/strong>: +41 763081658<\/p>\n<\/div><\/div>\n","protected":false},"excerpt":{"rendered":"<p>1. Introduction Les  [&hellip;]<\/p>\n","protected":false},"author":1,"featured_media":0,"parent":0,"menu_order":0,"comment_status":"closed","ping_status":"closed","template":"","meta":{"_acf_changed":false,"_uag_custom_page_level_css":"","site-sidebar-layout":"default","site-content-layout":"","ast-site-content-layout":"default","site-content-style":"default","site-sidebar-style":"default","ast-global-header-display":"","ast-banner-title-visibility":"","ast-main-header-display":"","ast-hfb-above-header-display":"","ast-hfb-below-header-display":"","ast-hfb-mobile-header-display":"","site-post-title":"","ast-breadcrumbs-content":"","ast-featured-img":"","footer-sml-layout":"","ast-disable-related-posts":"","theme-transparent-header-meta":"","adv-header-id-meta":"","stick-header-meta":"","header-above-stick-meta":"","header-main-stick-meta":"","header-below-stick-meta":"","astra-migrate-meta-layouts":"default","ast-page-background-enabled":"default","ast-page-background-meta":{"desktop":{"background-color":"var(--ast-global-color-5)","background-image":"","background-repeat":"repeat","background-position":"center center","background-size":"auto","background-attachment":"scroll","background-type":"","background-media":"","overlay-type":"","overlay-color":"","overlay-opacity":"","overlay-gradient":""},"tablet":{"background-color":"","background-image":"","background-repeat":"repeat","background-position":"center center","background-size":"auto","background-attachment":"scroll","background-type":"","background-media":"","overlay-type":"","overlay-color":"","overlay-opacity":"","overlay-gradient":""},"mobile":{"background-color":"","background-image":"","background-repeat":"repeat","background-position":"center center","background-size":"auto","background-attachment":"scroll","background-type":"","background-media":"","overlay-type":"","overlay-color":"","overlay-opacity":"","overlay-gradient":""}},"ast-content-background-meta":{"desktop":{"background-color":"var(--ast-global-color-4)","background-image":"","background-repeat":"repeat","background-position":"center center","background-size":"auto","background-attachment":"scroll","background-type":"","background-media":"","overlay-type":"","overlay-color":"","overlay-opacity":"","overlay-gradient":""},"tablet":{"background-color":"var(--ast-global-color-4)","background-image":"","background-repeat":"repeat","background-position":"center center","background-size":"auto","background-attachment":"scroll","background-type":"","background-media":"","overlay-type":"","overlay-color":"","overlay-opacity":"","overlay-gradient":""},"mobile":{"background-color":"var(--ast-global-color-4)","background-image":"","background-repeat":"repeat","background-position":"center center","background-size":"auto","background-attachment":"scroll","background-type":"","background-media":"","overlay-type":"","overlay-color":"","overlay-opacity":"","overlay-gradient":""}},"footnotes":""},"class_list":["post-466","page","type-page","status-publish","hentry"],"acf":[],"uagb_featured_image_src":{"full":false,"thumbnail":false,"medium":false,"medium_large":false,"large":false,"1536x1536":false,"2048x2048":false,"slider-xl":false,"woocommerce_thumbnail":false,"woocommerce_single":false,"woocommerce_gallery_thumbnail":false},"uagb_author_info":{"display_name":"CHLOE","author_link":"https:\/\/amphoreart.com\/zh-hans\/author\/chloe\/"},"uagb_comment_info":0,"uagb_excerpt":"1. Introduction Les [&hellip;]","_links":{"self":[{"href":"https:\/\/amphoreart.com\/zh-hans\/wp-json\/wp\/v2\/pages\/466","targetHints":{"allow":["GET"]}}],"collection":[{"href":"https:\/\/amphoreart.com\/zh-hans\/wp-json\/wp\/v2\/pages"}],"about":[{"href":"https:\/\/amphoreart.com\/zh-hans\/wp-json\/wp\/v2\/types\/page"}],"author":[{"embeddable":true,"href":"https:\/\/amphoreart.com\/zh-hans\/wp-json\/wp\/v2\/users\/1"}],"replies":[{"embeddable":true,"href":"https:\/\/amphoreart.com\/zh-hans\/wp-json\/wp\/v2\/comments?post=466"}],"version-history":[{"count":1,"href":"https:\/\/amphoreart.com\/zh-hans\/wp-json\/wp\/v2\/pages\/466\/revisions"}],"predecessor-version":[{"id":467,"href":"https:\/\/amphoreart.com\/zh-hans\/wp-json\/wp\/v2\/pages\/466\/revisions\/467"}],"wp:attachment":[{"href":"https:\/\/amphoreart.com\/zh-hans\/wp-json\/wp\/v2\/media?parent=466"}],"curies":[{"name":"wp","href":"https:\/\/api.w.org\/{rel}","templated":true}]}}