{"id":336,"date":"2026-02-17T16:46:47","date_gmt":"2026-02-17T16:46:47","guid":{"rendered":"https:\/\/amphoreart.com\/mentions-legales-et-politique-de-confidentialite\/"},"modified":"2026-02-17T16:46:47","modified_gmt":"2026-02-17T16:46:47","slug":"mentions-legales-et-politique-de-confidentialite","status":"publish","type":"page","link":"https:\/\/amphoreart.com\/zh-hans\/mentions-legales-et-politique-de-confidentialite\/","title":{"rendered":"Mentions l\u00e9gales et politique de confidentialit\u00e9"},"content":{"rendered":"\n<div class=\"wp-block-uagb-container uagb-block-3c84f3c3 alignfull uagb-is-root-container\"><div class=\"uagb-container-inner-blocks-wrap\">\n<h2 class=\"wp-block-heading\">Pr\u00e9sentation g\u00e9n\u00e9rale<\/h2>\n\n\n\n<h3 class=\"wp-block-heading\">Propri\u00e9taire et \u00e9diteur du site<\/h3>\n\n\n\n<p>Xin YU<br>Pl. De-Grenus 8<br>1201 Gen\u00e8ve<br>Suisse <\/p>\n\n\n\n<p><strong>Num\u00e9ro au registre du commerce<\/strong><br>CH-660-1243020-2<\/p>\n\n\n\n<p><strong>IDE\/TVA<\/strong><br>CHE-322.160.429<\/p>\n\n\n\n<h3 class=\"wp-block-heading\">H\u00e9bergeur<\/h3>\n\n\n\n<p>Infomaniak Network SA<br>Avenue de la Praille 26<br>1227 Carouge GE<br>Suisse<\/p>\n\n\n\n<p>La poursuite de la navigation sur ce site vaut acceptation sans r\u00e9serve des dispositions et conditions d\u2019utilisation qui suivent. Vous acceptez l\u2019utilisation de cookies et autres traceurs.<br>La version actuellement en ligne de ces conditions d\u2019utilisation est la seule opposable pendant toute la dur\u00e9e d\u2019utilisation du site et jusqu\u2019\u00e0 ce qu\u2019une nouvelle version la remplace. <\/p>\n\n\n\n<h2 class=\"wp-block-heading\">Acc\u00e8s<\/h2>\n\n\n\n<p>L\u2019acc\u00e8s au site et son utilisation sont r\u00e9serv\u00e9s \u00e0 un usage strictement personnel. Vous vous engagez \u00e0 ne pas utiliser ce site et les informations ou donn\u00e9es qui y figurent \u00e0 des fins commerciales, politiques, publicitaires et pour toute forme de sollicitation commerciale et notamment l\u2019envoi de courriers \u00e9lectroniques non sollicit\u00e9s. <\/p>\n\n\n\n<h2 class=\"wp-block-heading\">Exclusion de responsabilit\u00e9<\/h2>\n\n\n\n<p>Nous nous r\u00e9servons le droit de ne pas \u00eatre responsables de l\u2019actualit\u00e9, de l\u2019exactitude, de l\u2019exhaustivit\u00e9, de la fiabilit\u00e9 ou de la qualit\u00e9 des informations fournies.<\/p>\n\n\n\n<p>Toute revendication de responsabilit\u00e9 pour des dommages mat\u00e9riels ou immat\u00e9riels r\u00e9sultant de l\u2019acc\u00e8s ou de l\u2019utilisation ou de la non-utilisation des informations publi\u00e9es, d\u2019une mauvaise utilisation de la connexion ou de d\u00e9fauts techniques est exclue.<\/p>\n\n\n\n<p>Toutes les offres sont sans engagement. Nous nous r\u00e9servons express\u00e9ment le droit de modifier, compl\u00e9ter ou supprimer des parties des pages ou l\u2019ensemble de l\u2019offre sans annonce s\u00e9par\u00e9e ou de cesser temporairement ou d\u00e9finitivement la publication. <\/p>\n\n\n\n<h2 class=\"wp-block-heading\">Liens externes<\/h2>\n\n\n\n<p>Des liens hypertextes peuvent figurer sur le site et permettre l\u2019acc\u00e8s \u00e0 des sites tiers. La pr\u00e9sence de ces liens n\u2019implique aucunement notre cautionnement de ces sites, nous ne sommes pas responsables de leur contenu. Les risques li\u00e9s \u00e0 leur utilisation incombent pleinement \u00e0 l\u2019utilisateur.  <\/p>\n\n\n\n<h2 class=\"wp-block-heading\">Droits d\u2019auteur<\/h2>\n\n\n\n<p>Les \u00e9l\u00e9ments de ce site Internet sont notre propri\u00e9t\u00e9 et rel\u00e8vent de la l\u00e9gislation internationale sur le droit d\u2019auteur, le droit des marques et, de fa\u00e7on g\u00e9n\u00e9rale, sur la propri\u00e9t\u00e9 intellectuelle. Nous ne pourront en aucun cas \u00eatre tenus pour responsables d\u2019un quelconque manquement aux droits \u00e0 l\u2019image ainsi qu\u2019aux droits d\u2019auteur en ce qui concerne les \u00e9l\u00e9ments fournis.<br>Par exception, certains contenus (textes, images) sont la propri\u00e9t\u00e9 de leurs auteurs respectifs. <\/p>\n\n\n\n<p>Toute reproduction, repr\u00e9sentation, diffusion ou rediffusion, en tout ou partie, du contenu de ce site sur quelque support ou par tout proc\u00e9d\u00e9 que ce soit sans notre autorisation sont interdites. Le non-respect de cette interdiction constitue une contrefa\u00e7on susceptible d\u2019engager la responsabilit\u00e9 civile et p\u00e9nale du contrefacteur. <\/p>\n\n\n\n<h1 class=\"wp-block-heading\" id=\"confidential\">Politique de confidentialit\u00e9<\/h1>\n\n\n\n<p>Nous prenons au s\u00e9rieux la protection de vos donn\u00e9es personnelles. Nous nous effor\u00e7ons de traiter ces donn\u00e9es dans le respect de la confidentialit\u00e9, des prescriptions l\u00e9gales ainsi que de la pr\u00e9sente d\u00e9claration de protection des donn\u00e9es. <\/p>\n\n\n\n<p>La transmission d\u2019informations via Internet et les moyens de communication \u00e9lectroniques comporte cependant toujours certains risques de s\u00e9curit\u00e9. Une protection absolue ne peut pas \u00eatre garantie. <\/p>\n\n\n\n<h2 class=\"wp-block-heading\">Nature, port\u00e9e et objet<\/h2>\n\n\n\n<p>Nous traitons principalement les donn\u00e9es personnelles que vous nous transmettez lors de prise de contact, par exemple par e-mail, au moyen du formulaire de contact, par t\u00e9l\u00e9phone, ou mettez \u00e0 notre disposition.<\/p>\n\n\n\n<p>Lorsque cela est n\u00e9cessaire \u00e0 la fourniture de nos services ou pour des mesures pr\u00e9contractuelles visant \u00e0 prot\u00e9ger nos int\u00e9r\u00eats l\u00e9gitimes, nous pouvons traiter des donn\u00e9es personnelles obtenues aupr\u00e8s de sources accessibles au public (moteurs de recherche, sites internet, \u2026) ou aupr\u00e8s de tiers (soci\u00e9t\u00e9s de contr\u00f4le de solvabilit\u00e9,\u2026).<\/p>\n\n\n\n<p>Nous utilisons vos donn\u00e9es personnelles principalement pour fournir les services que vous avez demand\u00e9s et remplir nos obligations d\u00e9coulant de tout contrat conclu entre vous et nous.<\/p>\n\n\n\n<p>Nous pouvons \u00e9galement les utiliser pour s\u2019assurer que notre site Internet vous est pr\u00e9sent\u00e9 de la mani\u00e8re la plus efficace et la plus int\u00e9ressante possible, pour vous permettre de profiter d\u2019offres promotionnelles si vous le souhaitez, vous informer des modifications de nos prestations, vous transmettre des informations que nous jugeons importantes (alertes de s\u00e9curit\u00e9\u2026). Nous pouvons \u00e9galement \u00eatre amen\u00e9e \u00e0 traiter des donn\u00e9es personnelles de Clients pour prot\u00e9ger des int\u00e9r\u00eats l\u00e9gitimes et\/ou se conformer au droit en vigueur, <\/p>\n\n\n\n<p>Nous traitons les donn\u00e9es personnelles pendant&nbsp;la dur\u00e9e&nbsp;n\u00e9cessaire \u00e0 la ou aux finalit\u00e9s pour lesquelles elles ont \u00e9t\u00e9 collect\u00e9es ou pendant la dur\u00e9e pr\u00e9vue par la loi.<\/p>\n\n\n\n<h2 class=\"wp-block-heading\">Fichiers journaux du serveur<\/h2>\n\n\n\n<p>Lorsque vous acc\u00e9dez \u00e0 notre site Web, les donn\u00e9es suivantes sont stock\u00e9es automatiquement dans des fichiers journaux par notre h\u00e9bergeur: l\u2019adresse IP, la date, l\u2019heure, l\u2019URL de r\u00e9f\u00e9rence, la demande de navigateur et les informations g\u00e9n\u00e9ralement transmises sur le syst\u00e8me d\u2019exploitation ou le navigateur. Les informations susmentionn\u00e9es ne sont pas reli\u00e9es \u00e0 des donn\u00e9es personnelles ni enregistr\u00e9es avec celles-ci. Elles servent de base \u00e0 des \u00e9valuations statistiques anonymes. Ces donn\u00e9es sont sont stock\u00e9es en Suisse.   <\/p>\n\n\n\n<h2 class=\"wp-block-heading\">Formulaire de contact<\/h2>\n\n\n\n<p>Si vous nous faites parvenir une demande par le biais de notre formulaire de contact ou par mail, les donn\u00e9es fournies seront conserv\u00e9es par nos soins en vue du traitement de votre demande et en cas de questions compl\u00e9mentaires.<\/p>\n\n\n\n<h2 class=\"wp-block-heading\">Newsletter<\/h2>\n\n\n\n<p>Si vous vous inscrivez \u00e0 notre newsletter, vous acceptez que nous utilisions les donn\u00e9es que vous nous communiquez, telles que vos nom et pr\u00e9nom, adresse postale, adresse e-mail ainsi que toutes les donn\u00e9es saisies.<\/p>\n\n\n\n<p>Nous utilisons ces donn\u00e9es exclusivement pour envoyer les informations demand\u00e9es.<\/p>\n\n\n\n<p>Vous pouvez \u00e0 tout moment r\u00e9voquer votre consentement en cliquant sur le lien de d\u00e9sabonnement en bas de la newsletter.<\/p>\n\n\n\n<h2 class=\"wp-block-heading\">Cookies<\/h2>\n\n\n\n<h3 class=\"wp-block-heading\">Que sont les cookies ?<\/h3>\n\n\n\n<p>La pr\u00e9sente politique en mati\u00e8re de cookies explique ce que sont les cookies et comment nous les utilisons, les types de cookies que nous utilisons, c&#8217;est-\u00e0-dire les informations que nous recueillons \u00e0 l&#8217;aide des cookies et la mani\u00e8re dont ces informations sont utilis\u00e9es, ainsi que la mani\u00e8re de g\u00e9rer les param\u00e8tres des cookies.<\/p>\n\n\n\n<p>Les cookies sont de petits fichiers texte utilis\u00e9s pour stocker de petits \u00e9l\u00e9ments d&#8217;information. Ils sont stock\u00e9s sur votre appareil lorsque le site web est charg\u00e9 sur votre navigateur. Ces cookies nous aident \u00e0 faire fonctionner le site web correctement, \u00e0 le rendre plus s\u00fbr, \u00e0 offrir une meilleure exp\u00e9rience \u00e0 l&#8217;utilisateur, \u00e0 comprendre comment le site web fonctionne et \u00e0 analyser ce qui fonctionne et ce qui doit \u00eatre am\u00e9lior\u00e9.  <\/p>\n\n\n\n<h3 class=\"wp-block-heading\">Comment utilisons-nous les cookies ?<\/h3>\n\n\n\n<p>Comme la plupart des services en ligne, notre site web utilise des cookies de premi\u00e8re partie et de tierce partie \u00e0 plusieurs fins. Les cookies de premi\u00e8re partie sont essentiellement n\u00e9cessaires au bon fonctionnement du site web et ne collectent aucune donn\u00e9e personnelle permettant de vous identifier. <\/p>\n\n\n\n<p>Les cookies tiers utilis\u00e9s sur notre site web servent principalement \u00e0 comprendre comment le site web fonctionne, comment vous interagissez avec notre site web, \u00e0 assurer la s\u00e9curit\u00e9 de nos services, \u00e0 fournir des publicit\u00e9s pertinentes pour vous et, dans l&#8217;ensemble, \u00e0 vous offrir une exp\u00e9rience utilisateur meilleure et am\u00e9lior\u00e9e et \u00e0 acc\u00e9l\u00e9rer vos interactions futures avec notre site web.<\/p>\n\n\n\n<h3 class=\"wp-block-heading\">Les types de cookies que nous utilisons<\/h3>\n\n\n\n<style>\n    a.cky-banner-element {\n        padding: 8px 30px;\n        background: #F8F9FA;\n        color: #858A8F;\n        border: 1px solid #DEE2E6;\n        box-sizing: border-box;\n        border-radius: 2px;\n        cursor: pointer;\n}\n<\/style>\n\n\n    <div class=\"cky-audit-table-element\"><\/div>\n\n\n\n<h3 class=\"wp-block-heading\">G\u00e9rer les pr\u00e9f\u00e9rences en mati\u00e8re de cookies<\/h3>\n\n\n\n<a class=\"cky-banner-element\">Cookie Settings<\/a>\n\n\n\n<p>Vous pouvez modifier vos pr\u00e9f\u00e9rences en mati\u00e8re de cookies \u00e0 tout moment en cliquant sur le bouton ci-dessus. Cela vous permettra de revenir \u00e0 la banni\u00e8re de consentement aux cookies et de modifier vos pr\u00e9f\u00e9rences ou de retirer votre consentement imm\u00e9diatement. <\/p>\n\n\n\n<p>En outre, les navigateurs proposent des m\u00e9thodes diff\u00e9rentes pour bloquer et supprimer les cookies utilis\u00e9s par les sites web. Vous pouvez modifier les param\u00e8tres de votre navigateur pour bloquer\/supprimer les cookies. Vous trouverez ci-dessous les liens vers les documents d&#8217;assistance relatifs \u00e0 la gestion et \u00e0 la suppression des cookies des principaux navigateurs web.  <\/p>\n\n\n\n<h2 class=\"wp-block-heading\">Transmission de donn\u00e9es personnelles \u00e0 des tiers<\/h2>\n\n\n\n<p>Nous ne communiquons vos donn\u00e9es personnelles \u00e0 des tiers que lorsque cela est n\u00e9cessaire dans le cadre de leur traitement et de l\u2019ex\u00e9cution du contrat, ou lorsque la loi ou une injonction judiciaire l\u2019y oblige.<\/p>\n\n\n\n<p>Vos donn\u00e9es personnelles ne sont en aucun cas vendues \u00e0 des tiers.<\/p>\n\n\n\n<h2 class=\"wp-block-heading\">Vos droits concernant vos donn\u00e9es personnelles<\/h2>\n\n\n\n<p>Vous avez le droit d\u2019obtenir \u00e0 tout moment des informations sur les donn\u00e9es enregistr\u00e9es vous concernant, sur leur origine et leurs destinataires, ainsi que sur la finalit\u00e9 de leur traitement. Vous avez en outre le droit de rectifier, de bloquer et de supprimer ces donn\u00e9es. <\/p>\n\n\n\n<p>Vous pouvez \u00e0 tout moment faire valoir vos droits susmentionn\u00e9s aupr\u00e8s de nous \u00e0 l\u2019adresse indiqu\u00e9e sur la page de contact. Votre demande doit \u00eatre accompagn\u00e9e de la photocopie d\u2019un titre d\u2019identit\u00e9 en cours de validit\u00e9 sign\u00e9, et faire mention de l\u2019adresse \u00e0 laquelle vous contacter. <\/p>\n\n\n\n<p>Si vous estimez que le traitement de vos donn\u00e9es personnelles par nos soins est contraire aux dispositions en vigueur en mati\u00e8re de protection des donn\u00e9es, vous avez la possibilit\u00e9 de d\u00e9poser une plainte aupr\u00e8s du Pr\u00e9pos\u00e9 f\u00e9d\u00e9ral \u00e0 la protection des donn\u00e9es et \u00e0 la transparence<\/p>\n\n\n\n<h2 class=\"wp-block-heading\">Modification de nos dispositions de protection des donn\u00e9es<\/h2>\n\n\n\n<p>Nous nous r\u00e9servons le droit d\u2019adapter cette politique de confidentialit\u00e9 \u00e0 tout moment. Une version actualis\u00e9e est disponible sur le site Internet. Nous vous invitons \u00e0 le consulter r\u00e9guli\u00e8rement et \u00e0 vous informer sur la politique de protection des donn\u00e9es en vigueur.  <\/p>\n\n\n\n<h2 class=\"wp-block-heading\">Loi applicable<\/h2>\n\n\n\n<p>Les pr\u00e9sentes conditions g\u00e9n\u00e9rales seront r\u00e9gies et interpr\u00e9t\u00e9es conform\u00e9ment aux lois suisses, sans recourir \u00e0 ses dispositions relatives aux conflits de lois.<\/p>\n\n\n\n<p>Tout litige ou toute r\u00e9clamation d\u00e9coulant des ou en lien avec les pr\u00e9sentes conditions g\u00e9n\u00e9rales est soumis \u00e0 la juridiction suisse.<\/p>\n\n\n\n<p>Mis \u00e0 jour le 16 f\u00e9vrier 2026<\/p>\n<\/div><\/div>\n","protected":false},"excerpt":{"rendered":"<p>Pr\u00e9sentation g\u00e9n\u00e9ral [&hellip;]<\/p>\n","protected":false},"author":1,"featured_media":0,"parent":0,"menu_order":0,"comment_status":"closed","ping_status":"open","template":"","meta":{"_acf_changed":false,"_uag_custom_page_level_css":"","site-sidebar-layout":"default","site-content-layout":"","ast-site-content-layout":"default","site-content-style":"default","site-sidebar-style":"default","ast-global-header-display":"","ast-banner-title-visibility":"","ast-main-header-display":"","ast-hfb-above-header-display":"","ast-hfb-below-header-display":"","ast-hfb-mobile-header-display":"","site-post-title":"","ast-breadcrumbs-content":"","ast-featured-img":"","footer-sml-layout":"","ast-disable-related-posts":"","theme-transparent-header-meta":"","adv-header-id-meta":"","stick-header-meta":"","header-above-stick-meta":"","header-main-stick-meta":"","header-below-stick-meta":"","astra-migrate-meta-layouts":"default","ast-page-background-enabled":"default","ast-page-background-meta":{"desktop":{"background-color":"var(--ast-global-color-5)","background-image":"","background-repeat":"repeat","background-position":"center center","background-size":"auto","background-attachment":"scroll","background-type":"","background-media":"","overlay-type":"","overlay-color":"","overlay-opacity":"","overlay-gradient":""},"tablet":{"background-color":"","background-image":"","background-repeat":"repeat","background-position":"center center","background-size":"auto","background-attachment":"scroll","background-type":"","background-media":"","overlay-type":"","overlay-color":"","overlay-opacity":"","overlay-gradient":""},"mobile":{"background-color":"","background-image":"","background-repeat":"repeat","background-position":"center center","background-size":"auto","background-attachment":"scroll","background-type":"","background-media":"","overlay-type":"","overlay-color":"","overlay-opacity":"","overlay-gradient":""}},"ast-content-background-meta":{"desktop":{"background-color":"var(--ast-global-color-4)","background-image":"","background-repeat":"repeat","background-position":"center center","background-size":"auto","background-attachment":"scroll","background-type":"","background-media":"","overlay-type":"","overlay-color":"","overlay-opacity":"","overlay-gradient":""},"tablet":{"background-color":"var(--ast-global-color-4)","background-image":"","background-repeat":"repeat","background-position":"center center","background-size":"auto","background-attachment":"scroll","background-type":"","background-media":"","overlay-type":"","overlay-color":"","overlay-opacity":"","overlay-gradient":""},"mobile":{"background-color":"var(--ast-global-color-4)","background-image":"","background-repeat":"repeat","background-position":"center center","background-size":"auto","background-attachment":"scroll","background-type":"","background-media":"","overlay-type":"","overlay-color":"","overlay-opacity":"","overlay-gradient":""}},"footnotes":""},"class_list":["post-336","page","type-page","status-publish","hentry"],"acf":[],"uagb_featured_image_src":{"full":false,"thumbnail":false,"medium":false,"medium_large":false,"large":false,"1536x1536":false,"2048x2048":false,"slider-xl":false,"woocommerce_thumbnail":false,"woocommerce_single":false,"woocommerce_gallery_thumbnail":false},"uagb_author_info":{"display_name":"CHLOE","author_link":"https:\/\/amphoreart.com\/zh-hans\/author\/chloe\/"},"uagb_comment_info":0,"uagb_excerpt":"Pr\u00e9sentation g\u00e9n\u00e9ral [&hellip;]","_links":{"self":[{"href":"https:\/\/amphoreart.com\/zh-hans\/wp-json\/wp\/v2\/pages\/336","targetHints":{"allow":["GET"]}}],"collection":[{"href":"https:\/\/amphoreart.com\/zh-hans\/wp-json\/wp\/v2\/pages"}],"about":[{"href":"https:\/\/amphoreart.com\/zh-hans\/wp-json\/wp\/v2\/types\/page"}],"author":[{"embeddable":true,"href":"https:\/\/amphoreart.com\/zh-hans\/wp-json\/wp\/v2\/users\/1"}],"replies":[{"embeddable":true,"href":"https:\/\/amphoreart.com\/zh-hans\/wp-json\/wp\/v2\/comments?post=336"}],"version-history":[{"count":0,"href":"https:\/\/amphoreart.com\/zh-hans\/wp-json\/wp\/v2\/pages\/336\/revisions"}],"wp:attachment":[{"href":"https:\/\/amphoreart.com\/zh-hans\/wp-json\/wp\/v2\/media?parent=336"}],"curies":[{"name":"wp","href":"https:\/\/api.w.org\/{rel}","templated":true}]}}